{"id":47,"date":"2013-09-02T19:09:45","date_gmt":"2013-09-02T17:09:45","guid":{"rendered":"http:\/\/annette-thierfelder.de\/wordpress\/?page_id=47"},"modified":"2025-02-07T17:34:43","modified_gmt":"2025-02-07T15:34:43","slug":"betreuungsleistung","status":"publish","type":"page","link":"http:\/\/annette-thierfelder.de\/?page_id=47","title":{"rendered":"Zus\u00e4tzliche Betreuungs- und Entlastungsleistungen       \u00a7 45b SGB XI"},"content":{"rendered":"<div>F\u00fcr pflegebed\u00fcrftige Menschen jeden Alters mit <strong>Pflegegrad 1 &#8211; 5<\/strong> ist der Betrag f\u00fcr zus\u00e4tzliche Betreuungs- und Entlastungsleistungen auf 131 Euro pro Monat festgelegt und kann bei den jeweiligen Pflegekassen beantragt werden.<\/div>\n<div><\/div>\n<div>Die<strong> Betreuungsinhalte<\/strong> richten sich nach den individuellen Bed\u00fcrfnissen, F\u00e4higkeiten, Vorlieben und Interessen und besonders nach der Tagesverfassung und der Erkrankung des\u00a0Betreuten.<\/div>\n<p><strong>Zu meinen Leistungen z\u00e4hlen:<\/strong><\/p>\n<p>Betreuung<br \/>\n&#8211; Beaufsichtigung von Pflegebed\u00fcrftigen, um Angeh\u00f6rigen und Pflegepersonen eine &#8222;Auszeit&#8220; zu erm\u00f6glichen<br \/>\n&#8211; Gespr\u00e4che, Krankheitsbew\u00e4ltigung, anregen der Kommunikation, Validation<br \/>\n&#8211; Biografiearbeit<br \/>\n&#8211; Mobilisation und Aktivierung<br \/>\n&#8211; Spazierg\u00e4nge mit und ohne Hilfsmittel<br \/>\n&#8211;\u00a0Orientierungsf\u00f6rderung personell, r\u00e4umlich, zeitlich, situativ<br \/>\n&#8211; Be\u00fcben der Koordination<br \/>\n&#8211; gemeinsame Spiele, handwerkliches Arbeiten, Singen, Lesen&#8230;<br \/>\n&#8211; Ged\u00e4chtnistraining, Anregen von Erinnerungen<br \/>\n&#8211; gemeinsames Kochen und Backen<br \/>\n&#8211; F\u00f6rderung des Antriebs, der Selbst\u00e4ndigkeit und Alltagskompetenzen<br \/>\n&#8211; kreatives Gestalten, <a title=\"Ausdrucksmalen\" href=\"http:\/\/annette-thierfelder.de\/?page_id=199\">Ausdrucksmalen<\/a> und <a title=\"Arbeit am Tonfeld\u00ae\" href=\"http:\/\/annette-thierfelder.de\/?page_id=6\">Arbeit am Tonfeld\u00ae<\/a> im Atelier<\/p>\n<p>Entlastung<br \/>\n&#8211; haushaltnahe Dienstleistungen<br \/>\n&#8211; Begleitung zu Arztbesuchen, Eink\u00e4ufen, Beh\u00f6rden, Apotheke, sozialen Kontakten&#8230;<\/p>\n<p>Alle diese Leistungen k\u00f6nnen stundenweise nach individueller Notwendigkeit\u00a0vereinbart werden. \u00dcblich sind regelm\u00e4\u00dfige Termine zu festen Zeiten.\u00a0 Grundpflegeleistungen\u00a0(Duschen, Baden, Inkontinenzversorgung, andere pflegerische Inhalte etc.) sind im Zusammenhang mit den niedrigschwelligen Betreuungs- und Entlastungsleistungen gem\u00e4\u00df \u00a7 45b SGB XI nicht abrechenbar. Zu bedenken ist auch, dass\u00a0Betreuung keine Therapie ersetzt.<\/p>\n<p><strong>Voraussetzung:<\/strong><\/p>\n<p>Der Medizinische Dienst der Krankenkassen (MDK) begutachtet auf Antrag die Pflege- und Hilfsbed\u00fcrftigkeit und legt einen entsprechenden Pflegegrad fest.<br \/>\nBitte informieren Sie sich bei Ihrer Pflegekasse oder Pflegeberater Ihrer Krankenkasse.<\/p>\n<p><strong>Verfahrensweise:<\/strong><\/p>\n<p>&#8211; Antrag bei der zust\u00e4ndigen Pflegekasse holen<br \/>\n&#8211; ggf. eine Beratung beim zust\u00e4ndigen Pflegeberater der Krankenkasse in Anspruch nehmen<br \/>\n&#8211; Antrag ausf\u00fcllen und der Pflegekasse zur Bearbeitung einreichen<br \/>\n&#8211; der MDK vereinbart schriftlich einen Begutachtungstermin<br \/>\n&#8211;\u00a0MDK kommt in die Wohnung des\/der Pflegebed\u00fcrftigen oder Erfassung erfolgt telefonisch<br \/>\n&#8211; Erstellen eines schriftlichen Gutachtens durch den MDK f\u00fcr die Pflegekasse<br \/>\n&#8211; schriftliche Benachrichtigung \u00fcber das Ergebnis der Begutachtung<\/p>\n<p>Nachdem Ihrem Antrag stattgegeben wurde, reichen Sie die Privat-Rechnungen meines ambulanten Betreuungsdienstes \u00fcber die zus\u00e4tzlichen Betreuungs- und Entlastungsleistungen\u00a0zur Erstattung bei Ihrer Pflegekasse ein oder Sie unterzeichnen vorher eine Abtretungserkl\u00e4rung und ich rechne direkt mit Ihrer Pflegekasse ab.<\/p>\n<p>Nicht genutzte Gelder aus dem Etat der zus\u00e4tzlichen Betreuungs- und Entlastungsleitungen k\u00f6nnen bis zur H\u00e4lfte des Vorjahres in das Folgejahr \u00fcbertragen werden und stehen bis zum 30. Juni des Folgejahres zus\u00e4tzlich zur Verf\u00fcgung.<\/p>\n<p>W\u00fcnschen Sie mehr Informationen und Beratung? Bitte vereinbaren Sie einen <a title=\"Kontakt\" href=\"http:\/\/annette-thierfelder.de\/?page_id=8\">Gespr\u00e4chstermin<\/a>.<\/p>\n","protected":false},"excerpt":{"rendered":"<p>F\u00fcr pflegebed\u00fcrftige Menschen jeden Alters mit Pflegegrad 1 &#8211; 5 ist der Betrag f\u00fcr zus\u00e4tzliche Betreuungs- und Entlastungsleistungen auf 131 Euro pro Monat festgelegt und kann bei den jeweiligen Pflegekassen beantragt werden. Die Betreuungsinhalte richten sich nach den individuellen Bed\u00fcrfnissen, &hellip;<\/p>\n<p class=\"read-more\"> <a class=\"more-link\" href=\"http:\/\/annette-thierfelder.de\/?page_id=47\"> <span class=\"screen-reader-text\">Zus\u00e4tzliche Betreuungs- und Entlastungsleistungen       \u00a7 45b SGB XI<\/span> Read More &raquo;<\/a><\/p>\n","protected":false},"author":1,"featured_media":0,"parent":10,"menu_order":1,"comment_status":"closed","ping_status":"closed","template":"","meta":[],"aioseo_notices":[],"_links":{"self":[{"href":"http:\/\/annette-thierfelder.de\/index.php?rest_route=\/wp\/v2\/pages\/47"}],"collection":[{"href":"http:\/\/annette-thierfelder.de\/index.php?rest_route=\/wp\/v2\/pages"}],"about":[{"href":"http:\/\/annette-thierfelder.de\/index.php?rest_route=\/wp\/v2\/types\/page"}],"author":[{"embeddable":true,"href":"http:\/\/annette-thierfelder.de\/index.php?rest_route=\/wp\/v2\/users\/1"}],"replies":[{"embeddable":true,"href":"http:\/\/annette-thierfelder.de\/index.php?rest_route=%2Fwp%2Fv2%2Fcomments&post=47"}],"version-history":[{"count":31,"href":"http:\/\/annette-thierfelder.de\/index.php?rest_route=\/wp\/v2\/pages\/47\/revisions"}],"predecessor-version":[{"id":712,"href":"http:\/\/annette-thierfelder.de\/index.php?rest_route=\/wp\/v2\/pages\/47\/revisions\/712"}],"up":[{"embeddable":true,"href":"http:\/\/annette-thierfelder.de\/index.php?rest_route=\/wp\/v2\/pages\/10"}],"wp:attachment":[{"href":"http:\/\/annette-thierfelder.de\/index.php?rest_route=%2Fwp%2Fv2%2Fmedia&parent=47"}],"curies":[{"name":"wp","href":"https:\/\/api.w.org\/{rel}","templated":true}]}}